{"id":792,"date":"2011-11-05T19:03:58","date_gmt":"2011-11-05T23:03:58","guid":{"rendered":"http:\/\/sebaredo.edu.do\/inicio\/?page_id=792"},"modified":"2023-06-06T12:33:53","modified_gmt":"2023-06-06T16:33:53","slug":"licenciatura-en-teologia","status":"publish","type":"page","link":"http:\/\/sebaredo.edu.do\/inicio\/?page_id=792","title":{"rendered":"Licenciatura en Teolog\u00eda"},"content":{"rendered":"<h2>LICENCIATURA EN TEOLOG\u00cdA<\/h2>\n<h3><strong>JUSTIFICACI\u00d3N<\/strong><\/h3>\n<p>Esta licenciatura se justifica por las aspiraciones del Seminario en convertirse en un instrumento de formaci\u00f3n de l\u00edderes cristianos habilitados para cumplir en obediencia y fidelidad a la Palabra de Dios en el contexto dominicano y caribe\u00f1o.<\/p>\n<h3><strong>OBJETIVOS<\/strong><\/h3>\n<p>El programa est\u00e1 dise\u00f1ado para formar profesionales del ministerio eclesi\u00e1stico. El programa provee una s\u00f3lida formaci\u00f3n en las disciplinas de la teolog\u00eda y provee herramientas para el desarrollo de un ministerio efectivo en el seno de la Iglesia y espacios relacionados.<\/p>\n<p>El\/la estudiante candidato al grado de Licenciatura posee mental, emocional y espiritualmente las cualidades para el desarrollo de su vocaci\u00f3n ministerial. El grado concedido por el Seminario no es una garant\u00eda para que la persona sea aceptada para desempe\u00f1arse como ministro(a) o para ser ordenado\/a al ministerio.<\/p>\n<p>Para alcanzar las metas del programa se han establecido los siguientes objetivos<\/p>\n<p>\u2022 Facilitar que se adquiera conocimientos de las Sagradas Escrituras y de la tradici\u00f3n teol\u00f3gica cristiana.<\/p>\n<p>\u2022 Desarrollar la habilidad de comunicar el mensaje cristiano a trav\u00e9s de sermones, tarea educativa, consejer\u00eda, entre otras.<\/p>\n<p>\u2022 Adquirir habilidades para la direcci\u00f3n p\u00fablica de la congregaci\u00f3n local en diversos escenarios como la adoraci\u00f3n.<\/p>\n<p>\u2022 Proveer experiencias pr\u00e1cticas para desarrollar trabajo en equipo ministerial, en el reconocimiento de otros dones y en la reflexi\u00f3n teol\u00f3gica.<\/p>\n<p>\u2022 Desarrollar habilidades para acompa\u00f1ar personas en crisis personales y espirituales.<\/p>\n<p>\u2022 Desarrollar sensibilidad a las realidades pastorales de su momento conociendo el contexto complejo y plural donde se desarrolla el ministerio.<\/p>\n<h3><strong>MODALIDAD DOCENTE<\/strong><\/h3>\n<p>La docencia en el Seminario es de car\u00e1cter semipresencial, combinando clases presenciales y la modalidad virtual. La fecha l\u00edmite de solicitud de admisi\u00f3n es el 25 de agosto de cada a\u00f1o.<\/p>\n<p>Grado a conferir<\/p>\n<p>Licenciatura en Teolog\u00eda<\/p>\n<h3><strong>CARGA\u00a0<\/strong>ACAD\u00c9MICA<\/h3>\n<p>El programa requiere completar 160 cr\u00e9ditos en cuatro a\u00f1os de estudios (40 cr\u00e9ditos en Estudios Generales, 112 cr\u00e9ditos en cursos teol\u00f3gicos fundamentales y 8 cr\u00e9ditos en la memoria final). Los cursos pretenden suplir conocimientos en las corrientes cl\u00e1sicas y contempor\u00e1neas del pensamiento teol\u00f3gico, cuestiones metodol\u00f3gicas y especializaci\u00f3n en las disciplinas teol\u00f3gicas.<\/p>\n<h3><strong>PERSONAL DOCENTE<\/strong><\/h3>\n<p>Todo el cuerpo docente tiene el grado de maestr\u00eda en teolog\u00eda o \u00e1rea relacionada.<\/p>\n<h3><strong>REQUISITOS DE\u00a0<\/strong>GRADUACI\u00d3N<\/h3>\n<p>a) Aprobar el total de 104 cr\u00e9ditos de cursos teol\u00f3gicos<\/p>\n<p>b) Aprobar un total de 60 cr\u00e9ditos de estudios generales<\/p>\n<p>c) Aprobar una memoria final de 8 cr\u00e9ditos<\/p>\n<p>d) Aprobar una pr\u00e1ctica supervisada de 8 cr\u00e9ditos<\/p>\n<p>e) Haber cancelado el total del costo del programa<\/p>\n<h3><strong>REQUISITOS DE\u00a0<\/strong>ADMISI\u00d3N<\/h3>\n<p>\u2022 R\u00e9cord de calificaciones de estudios universitarios (original y autenticado)<\/p>\n<p>\u2022 Certificaci\u00f3n de graduaci\u00f3n de educaci\u00f3n media y\/o universitaria (original y autenticado)<\/p>\n<p>\u2022 Acta de nacimiento certificada (no copias)<\/p>\n<p>\u2022 Dos (2) fotos 2&#215;2<\/p>\n<p>\u2022 Copia de c\u00e9dula de identidad<\/p>\n<p>\u2022 Presentar una carta pastoral o congregacional<\/p>\n<p>\u2022 Presentar un trabajo a m\u00e1quina de no menos de 2 p\u00e1ginas, relatando su experiencia cristiana y ministerial.<\/p>\n<p>\u2022 Presentar solicitud formal acompa\u00f1ada de los documentos ya indicados<\/p>\n<h3><strong>COSTOS<\/strong><\/h3>\n<p>Inscripci\u00f3n RD $ 100.00<\/p>\n<p>R\u00e9cord de notas RD $ 100.00<\/p>\n<p>Certificaciones RD $ 100.00<\/p>\n<p>Cr\u00e9ditos RD $ 150.00<\/p>\n<p>Graduaci\u00f3n RD $ 500.00<\/p>\n<p>Informaci\u00f3n v\u00e1lida para el 2012<\/p>\n<h3><strong>CURSOS OFRECIDOS EN EL PROGRAMA<\/strong><\/h3>\n<p>CTX 107 Fundamentos de Pastoral (4)<\/p>\n<p>SB 100 Espiritualidad Cristiana (4)<\/p>\n<p>CT 118 Acompa\u00f1amiento Pastoral (4)<\/p>\n<p>CTX121 Educaci\u00f3n Cristiana (4)<\/p>\n<p>CT 112 Misi\u00f3n de la iglesia (4)<\/p>\n<p>CTX110 Liturgia (4)<\/p>\n<p>CTX106 El Quehacer teol\u00f3gico (4)<\/p>\n<p>CTX109 Historia de la iglesia I (4)<\/p>\n<p>CTX 111 Historia y Teolog\u00eda de la Salvaci\u00f3n (4)<\/p>\n<p>CTX113 Cristolog\u00eda (4)<\/p>\n<p>CT 117 Historia de la iglesia II (4)<\/p>\n<p>CT 119 Eclesiolog\u00eda y Pneumatolog\u00eda (4)<\/p>\n<p>CT 120 Vida y Pensamiento igl. AL (4)<\/p>\n<p>CBX104 Introducci\u00f3n a la Biblia (4)<\/p>\n<p>CBX113 Metodolog\u00eda del Estudio B\u00edblico (4)<\/p>\n<p>CBX107 Antiguo Testamento I (4)<\/p>\n<p>CBX108 Antiguo Testamento II (4)<\/p>\n<p>CBX119 Nuevo Testamento I (4)<\/p>\n<p>CBX110 Nuevo Testamento II (4)<\/p>\n<p>CT 116 Predicaci\u00f3n (4)<\/p>\n<p>SB 103 Liderazgo Cristiano (4)<\/p>\n<p>CTX124 G\u00e9nero y Teolog\u00eda (4)<\/p>\n<p>CTX 108 Historia y Realidad Latinoamericana (4)<\/p>\n<p>CT 115 \u00c9tica Teol\u00f3gica (4)<\/p>\n<p>SB 102 Seminario Cultura de paz (4)<\/p>\n<p>CTX123 Enfoque en Teolog\u00eda Bautista (4)<\/p>\n<p>SB 108 Pr\u00e1ctica ministerial supervisada (8)<\/p>\n<p>SB 109 Memoria Final I (8)<\/p>\n","protected":false},"excerpt":{"rendered":"<p>LICENCIATURA EN TEOLOG\u00cdA JUSTIFICACI\u00d3N Esta licenciatura se justifica por las aspiraciones del Seminario en convertirse en un instrumento de formaci\u00f3n de l\u00edderes cristianos habilitados para cumplir en obediencia y fidelidad a la Palabra de Dios en el contexto dominicano y caribe\u00f1o. OBJETIVOS El programa est\u00e1 dise\u00f1ado para formar profesionales del ministerio eclesi\u00e1stico. El programa provee &hellip; <a href=\"http:\/\/sebaredo.edu.do\/inicio\/?page_id=792\" class=\"more-link\">Continuar leyendo<span class=\"screen-reader-text\"> \u00abLicenciatura en Teolog\u00eda\u00bb<\/span><\/a><\/p>\n","protected":false},"author":1,"featured_media":0,"parent":799,"menu_order":0,"comment_status":"closed","ping_status":"closed","template":"","meta":{"footnotes":""},"class_list":["post-792","page","type-page","status-publish","hentry"],"_links":{"self":[{"href":"http:\/\/sebaredo.edu.do\/inicio\/index.php?rest_route=\/wp\/v2\/pages\/792","targetHints":{"allow":["GET"]}}],"collection":[{"href":"http:\/\/sebaredo.edu.do\/inicio\/index.php?rest_route=\/wp\/v2\/pages"}],"about":[{"href":"http:\/\/sebaredo.edu.do\/inicio\/index.php?rest_route=\/wp\/v2\/types\/page"}],"author":[{"embeddable":true,"href":"http:\/\/sebaredo.edu.do\/inicio\/index.php?rest_route=\/wp\/v2\/users\/1"}],"replies":[{"embeddable":true,"href":"http:\/\/sebaredo.edu.do\/inicio\/index.php?rest_route=%2Fwp%2Fv2%2Fcomments&post=792"}],"version-history":[{"count":7,"href":"http:\/\/sebaredo.edu.do\/inicio\/index.php?rest_route=\/wp\/v2\/pages\/792\/revisions"}],"predecessor-version":[{"id":886,"href":"http:\/\/sebaredo.edu.do\/inicio\/index.php?rest_route=\/wp\/v2\/pages\/792\/revisions\/886"}],"up":[{"embeddable":true,"href":"http:\/\/sebaredo.edu.do\/inicio\/index.php?rest_route=\/wp\/v2\/pages\/799"}],"wp:attachment":[{"href":"http:\/\/sebaredo.edu.do\/inicio\/index.php?rest_route=%2Fwp%2Fv2%2Fmedia&parent=792"}],"curies":[{"name":"wp","href":"https:\/\/api.w.org\/{rel}","templated":true}]}}