{"id":813,"date":"2011-12-01T23:44:46","date_gmt":"2011-12-02T03:44:46","guid":{"rendered":"http:\/\/sebaredo.edu.do\/inicio\/?page_id=813"},"modified":"2023-06-06T12:31:12","modified_gmt":"2023-06-06T16:31:12","slug":"facultad","status":"publish","type":"page","link":"http:\/\/sebaredo.edu.do\/inicio\/?page_id=813","title":{"rendered":"Facultad"},"content":{"rendered":"<h4><\/h4>\n<h4><a href=\"http:\/\/sebaredo.edu.do\/inicio\/wp-content\/uploads\/2011\/12\/felixpineda.jpg\"><img loading=\"lazy\" decoding=\"async\" class=\"size-full wp-image-816 alignnone\" title=\"felixpineda\" src=\"http:\/\/sebaredo.edu.do\/inicio\/wp-content\/uploads\/2011\/12\/felixpineda.jpg\" alt=\"\" width=\"62\" height=\"62\" \/><\/a><\/h4>\n<h4><\/h4>\n<h4>Felix Pineda, Profesor Titular<\/h4>\n<p>Licenciatura en Psicolog\u00eda Social, INTEC, Santo Domingo<\/p>\n<p>Maestr\u00eda en Liderazgo Cristiano, Eastern University, Philadelphia<\/p>\n<p>Bautista\/IBAREDO<\/p>\n<h4><a href=\"http:\/\/sebaredo.edu.do\/inicio\/wp-content\/uploads\/2011\/12\/lilian.jpg\"><img loading=\"lazy\" decoding=\"async\" class=\"alignnone size-full wp-image-818\" title=\"lilian\" src=\"http:\/\/sebaredo.edu.do\/inicio\/wp-content\/uploads\/2011\/12\/lilian.jpg\" alt=\"\" width=\"62\" height=\"62\" \/><\/a><\/h4>\n<h4>Lilian Medina, Profesora Titular<\/h4>\n<p>Licenciatura en Contabilidad, Universidad Dominicana O &amp; M, Santo Domingo<\/p>\n<p>Licenciatura en Teolog\u00eda, Centro de Estudios B\u00edblicos y Pastorales, Santo Domingo<\/p>\n<p>Mestr\u00eda en Estudios Teol\u00f3gicos, Universidad Nacional Evang\u00e9lica, Santo Domingo<\/p>\n<p>Maestr\u00eda en Ense\u00f1anza Superior, Universidad Aut\u00f3noma de Santo Domingo.<\/p>\n<p>Ministra ordenada de las Iglesias Bautistas de la Rep. Dominicana(IBAREDO)<\/p>\n<p><a href=\"http:\/\/sebaredo.edu.do\/inicio\/wp-content\/uploads\/2011\/12\/milagrosguerrero.jpg\"><img loading=\"lazy\" decoding=\"async\" class=\"alignnone size-full wp-image-824\" title=\"milagrosguerrero\" src=\"http:\/\/sebaredo.edu.do\/inicio\/wp-content\/uploads\/2011\/12\/milagrosguerrero.jpg\" alt=\"\" width=\"62\" height=\"62\" \/><\/a><\/p>\n<h4>Milagros Guerrero, Profesora Asociada<\/h4>\n<p>Licenciatura en Psicolog\u00eda y Educaci\u00f3n, Universidad Aut\u00f3noma de Santo Domingo<\/p>\n<p>Maestr\u00eda en Terapia Familiar, Universidad Aut\u00f3noma de Santo Domingo<\/p>\n<p>Maestr\u00eda en Formaci\u00f3n de Formadores Educaci\u00f3n, Universidad Aut\u00f3noma de Barcelona<\/p>\n<p>Bautista\/IBAREDO<\/p>\n<p><a href=\"http:\/\/sebaredo.edu.do\/inicio\/wp-content\/uploads\/2011\/12\/juancastro.jpg\"><img loading=\"lazy\" decoding=\"async\" class=\"alignnone size-full wp-image-820\" title=\"juancastro\" src=\"http:\/\/sebaredo.edu.do\/inicio\/wp-content\/uploads\/2011\/12\/juancastro.jpg\" alt=\"\" width=\"62\" height=\"62\" \/><\/a><\/p>\n<h4>Juan Castro, Profesor Asociado<\/h4>\n<p>Grado Asociado en Filosof\u00eda, Seminario Santo Tom\u00e1s de Aquino<\/p>\n<p>Bachillerato en Teolog\u00eda, Centro Teol\u00f3gico Santo Domingo de Guzm\u00e1n<\/p>\n<p>Licenciado en Teolog\u00eda, Sagradas Escrituras, Pontificia Universidad Cat\u00f3lica de Argentina<\/p>\n<p>Cat\u00f3lico<\/p>\n<p><a href=\"http:\/\/sebaredo.edu.do\/inicio\/wp-content\/uploads\/2011\/12\/robertbueno.jpg\"><img loading=\"lazy\" decoding=\"async\" class=\"alignnone size-full wp-image-822\" title=\"robertbueno\" src=\"http:\/\/sebaredo.edu.do\/inicio\/wp-content\/uploads\/2011\/12\/robertbueno.jpg\" alt=\"\" width=\"62\" height=\"62\" \/><\/a><\/p>\n<h4>Robert Bueno, Profesor Titular<\/h4>\n<p>Licenciatura en Trabajo Social, Pontificia Universidad Cat\u00f3lica Madre y Maestra<\/p>\n<p>Maestr\u00eda en Divinidad, Seminario Evang\u00e9lico de Puerto Rico,San Juan de Puerto Rico<\/p>\n<p>Bautista\/IBAREDO<\/p>\n","protected":false},"excerpt":{"rendered":"<p>Felix Pineda, Profesor Titular Licenciatura en Psicolog\u00eda Social, INTEC, Santo Domingo Maestr\u00eda en Liderazgo Cristiano, Eastern University, Philadelphia Bautista\/IBAREDO Lilian Medina, Profesora Titular Licenciatura en Contabilidad, Universidad Dominicana O &amp; M, Santo Domingo Licenciatura en Teolog\u00eda, Centro de Estudios B\u00edblicos y Pastorales, Santo Domingo Mestr\u00eda en Estudios Teol\u00f3gicos, Universidad Nacional Evang\u00e9lica, Santo Domingo Maestr\u00eda en &hellip; <a href=\"http:\/\/sebaredo.edu.do\/inicio\/?page_id=813\" class=\"more-link\">Continuar leyendo<span class=\"screen-reader-text\"> \u00abFacultad\u00bb<\/span><\/a><\/p>\n","protected":false},"author":1,"featured_media":0,"parent":0,"menu_order":0,"comment_status":"closed","ping_status":"open","template":"","meta":{"footnotes":""},"class_list":["post-813","page","type-page","status-publish","hentry"],"_links":{"self":[{"href":"http:\/\/sebaredo.edu.do\/inicio\/index.php?rest_route=\/wp\/v2\/pages\/813","targetHints":{"allow":["GET"]}}],"collection":[{"href":"http:\/\/sebaredo.edu.do\/inicio\/index.php?rest_route=\/wp\/v2\/pages"}],"about":[{"href":"http:\/\/sebaredo.edu.do\/inicio\/index.php?rest_route=\/wp\/v2\/types\/page"}],"author":[{"embeddable":true,"href":"http:\/\/sebaredo.edu.do\/inicio\/index.php?rest_route=\/wp\/v2\/users\/1"}],"replies":[{"embeddable":true,"href":"http:\/\/sebaredo.edu.do\/inicio\/index.php?rest_route=%2Fwp%2Fv2%2Fcomments&post=813"}],"version-history":[{"count":10,"href":"http:\/\/sebaredo.edu.do\/inicio\/index.php?rest_route=\/wp\/v2\/pages\/813\/revisions"}],"predecessor-version":[{"id":884,"href":"http:\/\/sebaredo.edu.do\/inicio\/index.php?rest_route=\/wp\/v2\/pages\/813\/revisions\/884"}],"wp:attachment":[{"href":"http:\/\/sebaredo.edu.do\/inicio\/index.php?rest_route=%2Fwp%2Fv2%2Fmedia&parent=813"}],"curies":[{"name":"wp","href":"https:\/\/api.w.org\/{rel}","templated":true}]}}